{"id":8471,"date":"2025-10-22T22:40:40","date_gmt":"2025-10-22T22:40:40","guid":{"rendered":"https:\/\/www.a-train.com\/wp\/?page_id=8471"},"modified":"2025-10-22T22:40:41","modified_gmt":"2025-10-22T22:40:41","slug":"timeless","status":"publish","type":"page","link":"https:\/\/www.a-train.com\/wp\/store\/moya-brennan\/timeless\/","title":{"rendered":"Timeless"},"content":{"rendered":"<div class=\"twttr_buttons\"><div class=\"twttr_twitter\">\n\t\t\t\t\t<a href=\"http:\/\/twitter.com\/share?text=Timeless\" class=\"twitter-share-button\" data-via=\"\" data-hashtags=\"\"  data-size=\"default\" data-url=\"https:\/\/www.a-train.com\/wp\/store\/moya-brennan\/timeless\/\"  data-related=\"\" target=\"_blank\">Tweet<\/a>\n\t\t\t\t<\/div><\/div>\n<figure class=\"wp-block-image size-full is-resized\"><img loading=\"lazy\" decoding=\"async\" width=\"700\" height=\"700\" src=\"https:\/\/www.a-train.com\/wp\/wp-content\/uploads\/a1887931214_16.jpg\" alt=\"\" class=\"wp-image-8472\" style=\"width:500px\" srcset=\"https:\/\/www.a-train.com\/wp\/wp-content\/uploads\/a1887931214_16.jpg 700w, https:\/\/www.a-train.com\/wp\/wp-content\/uploads\/a1887931214_16-300x300.jpg 300w, https:\/\/www.a-train.com\/wp\/wp-content\/uploads\/a1887931214_16-100x100.jpg 100w\" sizes=\"auto, (max-width: 700px) 100vw, 700px\" \/><\/figure>\n\n\n\n<h2 class=\"wp-block-heading\">Timeless<\/h2>\n\n\n\n<p>Available on CD\/Digitally<\/p>\n\n\n\n<div class=\"wp-block-buttons is-layout-flex wp-block-buttons-is-layout-flex\">\n<div class=\"wp-block-button\"><a class=\"wp-block-button__link has-vivid-cyan-blue-background-color has-background wp-element-button\" href=\"https:\/\/moyabrennan.bandcamp.com\/album\/timeless\">Bandcamp<\/a><\/div>\n\n\n\n<div class=\"wp-block-button is-style-outline is-style-outline--1\"><a class=\"wp-block-button__link has-luminous-vivid-amber-background-color has-background wp-element-button\" href=\"https:\/\/www.amazon.com\/dp\/B07TPYX3YP\">Amazon<\/a><\/div>\n<\/div>\n\n\n\n<hr class=\"wp-block-separator has-alpha-channel-opacity\"\/>\n\n\n\n<pre class=\"wp-block-preformatted\">Moya Brennan and Cormac De Barra both come from large musical families in Ireland and their mutual admiration for each other naturally developed into a stimulating musical relationship. Their new album, \u2018Timeless\u2018, is their third release of the Voices &amp; Harps collection and further demonstrates a partnership combining the simplicity, depth and beauty of the extraordinary skills which make them unique in their own field. Working along with LA Producer\/Engineer Lynne Earls, they have created a new set of songs based strongly on their traditional roots but exploring new avenues in their writing.\n\nGrammy award winner, Moya Brennan is the singer of Clannad as well as having a successful solo career. She has sung on most of the world\u2019s great stages and has collaborated with many notable artists including The Chieftains, Paul Brady and Bono. She is also part of the female traditional group, T with the Maggies.\n\nCormac De Barra is renowned internationally as a versatile harp virtuoso. He continually pushes the boundaries of the Irish harp through his work with a wide array of artists, including Hazel O\u2019Connor, Julie Feeney and Ashley Davis. Cormac also tours and records with his brothers Fion\u00e1n and \u00c9amonn in the family group, Barc\u00f3. Besides his busy performing schedule, he regularly gives workshops and masterclasses around the world.<\/pre>\n\n\n\n<h2 class=\"wp-block-heading has-medium-font-size\">Track List:<\/h2>\n\n\n\n<ol class=\"wp-block-list\">\n<li>Is Cuma [03:11]<\/li>\n\n\n\n<li>Slan Go Foill [03:25]<\/li>\n\n\n\n<li>The Countess [04:00]<\/li>\n\n\n\n<li>Songbird [04:08]<\/li>\n\n\n\n<li>Silent Souls [03:54]<\/li>\n\n\n\n<li>Tar Liom Siar [03:29]<\/li>\n\n\n\n<li>Paistin Fionn [03:28]<\/li>\n\n\n\n<li>Codail a Leanbh [03:01]<\/li>\n\n\n\n<li>Mac Diarmada Rua [03:09]<\/li>\n\n\n\n<li>Timeless [04:25]<\/li>\n<\/ol>\n\n\n\n<h2 class=\"wp-block-heading has-medium-font-size\">Credits:<\/h2>\n\n\n\n<p>Moya Brennan: Writer, Composer <br>Lynne Earls: Producer, Writer<br>Cormac De Barra: Writer, Composer<br>Aisling Jarvis: Engineer<br>Paul Jarvis: Composer, Writer<\/p>\n\n\n\n<p>(P) 2019 Beo Records<br>(C) 2019 Beo Records<br> <\/p>\n","protected":false},"excerpt":{"rendered":"<p>Timeless Available on CD\/Digitally Moya Brennan and Cormac De Barra both come from large musical families in Ireland and their mutual admiration for each other naturally developed into a stimulating musical relationship. Their new album, \u2018Timeless\u2018, is their third release &hellip; <a href=\"https:\/\/www.a-train.com\/wp\/store\/moya-brennan\/timeless\/\">Continue reading <span class=\"meta-nav\">&rarr;<\/span><\/a><\/p>\n","protected":false},"author":2,"featured_media":0,"parent":4302,"menu_order":0,"comment_status":"closed","ping_status":"closed","template":"","meta":{"ngg_post_thumbnail":0,"footnotes":""},"class_list":["post-8471","page","type-page","status-publish","hentry"],"_links":{"self":[{"href":"https:\/\/www.a-train.com\/wp\/wp-json\/wp\/v2\/pages\/8471","targetHints":{"allow":["GET"]}}],"collection":[{"href":"https:\/\/www.a-train.com\/wp\/wp-json\/wp\/v2\/pages"}],"about":[{"href":"https:\/\/www.a-train.com\/wp\/wp-json\/wp\/v2\/types\/page"}],"author":[{"embeddable":true,"href":"https:\/\/www.a-train.com\/wp\/wp-json\/wp\/v2\/users\/2"}],"replies":[{"embeddable":true,"href":"https:\/\/www.a-train.com\/wp\/wp-json\/wp\/v2\/comments?post=8471"}],"version-history":[{"count":1,"href":"https:\/\/www.a-train.com\/wp\/wp-json\/wp\/v2\/pages\/8471\/revisions"}],"predecessor-version":[{"id":8473,"href":"https:\/\/www.a-train.com\/wp\/wp-json\/wp\/v2\/pages\/8471\/revisions\/8473"}],"up":[{"embeddable":true,"href":"https:\/\/www.a-train.com\/wp\/wp-json\/wp\/v2\/pages\/4302"}],"wp:attachment":[{"href":"https:\/\/www.a-train.com\/wp\/wp-json\/wp\/v2\/media?parent=8471"}],"curies":[{"name":"wp","href":"https:\/\/api.w.org\/{rel}","templated":true}]}}